{"id":3498,"date":"2025-04-21T07:41:43","date_gmt":"2025-04-21T07:41:43","guid":{"rendered":"https:\/\/www.museum.de\/blog\/?page_id=3498"},"modified":"2025-04-22T08:32:30","modified_gmt":"2025-04-22T08:32:30","slug":"marketing","status":"publish","type":"page","link":"https:\/\/www.museum.de\/blog\/marketing\/","title":{"rendered":"Content-Marketing"},"content":{"rendered":"\n<h2 class=\"wp-block-heading\"><strong>Steigern Sie die Sichtbarkeit Ihres Instituts mit gezielten Advertorials in unserem Museumsblog<\/strong><\/h2>\n\n\n\n<p>In der heutigen Informationsflut entscheidet Pr\u00e4senz und Sichtbarkeit \u00fcber den Erfolg Ihres Museums. Mit  artifiziellen Blogbeitr\u00e4gen von museum.de erreichen Sie ein interessiertes Publikum im Bereich Kultur und Museen. Wie sieht ein aufbereiteter Artikel aus? Als Beispiel nehmen wir die Ausstellung <a href=\"https:\/\/www.museum.de\/blog\/suzanne-valadon-vom-modell-zur-malerrebellin-hommage-im-centre-pompidou-museum-de\/\">Suzanne Valadon im Centre Pompidou in Paris<\/a>. Hier haben wir eine Pressemeldung des Museums aufbereitet, mit Bildern versehen und mit weiteren Infos angereichert. Unter den Stichworten Valadon, Austellung, Paris erscheint nun dieser Artikel.<\/p>\n\n\n\n<figure class=\"wp-block-image size-full\"><img decoding=\"async\" width=\"1200\" height=\"800\" loading=\"lazy\" src=\"https:\/\/www.museum.de\/blog\/wp-content\/uploads\/2025\/04\/quaritsch-photography-3xQ65cknLPk-unsplash.png\" alt=\"\" class=\"wp-image-3522\" srcset=\"https:\/\/www.museum.de\/blog\/wp-content\/uploads\/2025\/04\/quaritsch-photography-3xQ65cknLPk-unsplash.png 1200w, https:\/\/www.museum.de\/blog\/wp-content\/uploads\/2025\/04\/quaritsch-photography-3xQ65cknLPk-unsplash-300x200.png 300w, https:\/\/www.museum.de\/blog\/wp-content\/uploads\/2025\/04\/quaritsch-photography-3xQ65cknLPk-unsplash-768x512.png 768w\" sizes=\"auto, (max-width: 1200px) 100vw, 1200px\" \/><\/figure>\n\n\n\n<h2 class=\"wp-block-heading\">Unser Angebot f\u00fcr Museen<\/h2>\n\n\n\n<p>In unserem Kulturblog museum.de mit \u00fcber 80.000 Kultur\u2011 und Kunstinteressierten pro Monat bieten wir Ihnen einen unkomplizierten Rundum\u2011Service f\u00fcr Ihre Pressearbeit:<\/p>\n\n\n\n<ol class=\"wp-block-list\">\n<li>Sie senden uns Ihre vorhandene Pressemitteilung und mindestens ein aussagekr\u00e4ftiges Bild.(max 3)<\/li>\n\n\n\n<li>Unsere KI-gest\u00fctzte Redaktion \u00fcberarbeitet Ihren Text und erstellt ein optimiertes Bilder- und Textlayout.<\/li>\n\n\n\n<li>Wir publizieren das fertige Advertorial in unserem Blog, kennzeichnen es transparent als Anzeige und sorgen f\u00fcr maximale Verbreitung.<\/li>\n<\/ol>\n\n\n\n<hr class=\"wp-block-separator has-alpha-channel-opacity\"\/>\n\n\n\n<h3 class=\"wp-block-heading\">Ihre Vorteile auf einen Blick<\/h3>\n\n\n\n<ol class=\"wp-block-list\">\n<li><strong>Reichweite<\/strong><br>\u2022 \u00dcber 80.000 qualifizierte Kultur\u2011Leser pro Monat<br>\u2022 Teaser auf der Homepage von museum.de<br>\u2022 Social\u2011Media\u2011Push auf unseren Kan\u00e4len<\/li>\n\n\n\n<li><strong>SEO\u2011Boost<\/strong><br>\u2022 Qualifizierte <strong>Do\u2011Follow\u2011Backlinks<\/strong> zu Ihrer Museumshomepage bzw. zur News<br>\u2022 Keyword\u2011optimierte \u00dcberschriften und Zwischen\u00adtitel<br>\u2022 Erh\u00f6hte Publikums\u2011 und Suchmaschinen\u2011Sichtbarkeit<br>\u2022 Unique-Content mit Zusatzinfos<\/li>\n\n\n\n<li><strong>St\u00e4rkung Ihrer Marken\u00adpr\u00e4senz (Branding)<\/strong><br>\u2022 Positionierung als innovatives, zeitgem\u00e4\u00dfes Haus<br>\u2022 Professionelle, leser\u00adfreundliche Aufbereitung Ihrer Inhalte<br>\u2022 Glaubw\u00fcrdigkeit durch transparent gekennzeichnete Advertorials in renomiertem Umfeld<br>\u2022 Pr\u00e4senz in thematisch verwantem Umfeld<\/li>\n\n\n\n<li><strong>Effizienz &amp; Zeitersparnis<\/strong><br>\u2022 Keine weitere Texterstellung n\u00f6tig<br>\u2022 Klare Prozessschritte ohne Abstimmungschaos<\/li>\n\n\n\n<li><strong>Individuelle Zielgruppen\u00adansprache<\/strong><br>\u2022 Bildungsb\u00fcrger, Sammler und Kulturfans<br>\u2022 Regional- wie international orientierte Leser<br>\u2022 Interesse an Ausstellungen, Sammlungen, Events und F\u00f6rderm\u00f6glichkeiten<\/li>\n<\/ol>\n\n\n\n<hr class=\"wp-block-separator has-alpha-channel-opacity\"\/>\n\n\n\n<h3 class=\"wp-block-heading\">So einfach geht\u2019s:<\/h3>\n\n\n\n<ol class=\"wp-block-list\">\n<li>Anfrage per E\u2011Mail an contact@museum.de<\/li>\n\n\n\n<li>Zusendung Ihrer Presse\u00admitteilung &amp; mindestens eines Bildes (1200&#215;900 pixel in 72Dpi)<\/li>\n\n\n\n<li>Korrekturschleife (1x) \u2013 Ihre Freigabe<\/li>\n\n\n\n<li>Ver\u00f6ffentlichung &amp; Verbreitung<\/li>\n<\/ol>\n\n\n\n<p>Investieren Sie in hochwertige Reichweite und professionelle Content\u2011Services \u2013 und machen Sie Ihr Museum zum Highlight unserer Community!<\/p>\n\n\n\n<p>Kontaktieren Sie uns noch heute f\u00fcr Ihr individuelles Angebot.<\/p>\n\n\n\n<p><a href=\"mailto:contact@museum.de?subject=Advertorial im Museumsblog\">An: contact@museum.de, Betreff: Advertorial im Museumsblog<\/a><\/p>\n\n\n\n<div class=\"wp-block-group has-background is-layout-constrained wp-block-group-is-layout-constrained\" style=\"background-color:#cce9fa\">\n<h3 class=\"wp-block-heading\">Weitere Verlagsangebote<\/h3>\n\n\n\n<p>Neben den <a href=\"https:\/\/www.museum.de\/de\/infobackend\"><strong>kostenlosen Angeboten<\/strong><\/a> bieten wir den Museen folgende professionelle Leistungen an:<\/p>\n\n\n\n<ul class=\"wp-block-list\">\n<li>Premium Audioguide<\/li>\n\n\n\n<li>Texterstellung und Lektorat<\/li>\n\n\n\n<li>3D-Scans Ihres Museums<\/li>\n\n\n\n<li>Advertorial im MAGAZIN MUSEUM.DE<\/li>\n\n\n\n<li>Werbe-Mailings<\/li>\n\n\n\n<li>Sonderpublikationen<\/li>\n\n\n\n<li>Mobile-Quizze f\u00fcr junge Besucher<\/li>\n<\/ul>\n\n\n\n<div class=\"wp-block-buttons is-content-justification-center is-layout-flex wp-container-core-buttons-is-layout-a89b3969 wp-block-buttons-is-layout-flex\">\n<div class=\"wp-block-button\"><a class=\"wp-block-button__link wp-element-button\" href=\"https:\/\/www.museum.de\/de\/verlagsangebot\">zum Verlagsangebot<\/a><\/div>\n<\/div>\n<\/div>\n","protected":false},"excerpt":{"rendered":"<p>Steigern Sie die Sichtbarkeit Ihres Instituts mit gezielten Advertorials in unserem Museumsblog In der heutigen Informationsflut entscheidet Pr\u00e4senz und Sichtbarkeit \u00fcber den Erfolg Ihres Museums. Mit artifiziellen Blogbeitr\u00e4gen von museum.de erreichen Sie ein interessiertes Publikum im Bereich Kultur und Museen. Wie sieht ein aufbereiteter Artikel aus? Als Beispiel nehmen wir die Ausstellung Suzanne Valadon im [&hellip;]<\/p>\n","protected":false},"author":1,"featured_media":0,"parent":0,"menu_order":0,"comment_status":"closed","ping_status":"closed","template":"","meta":{"site-sidebar-layout":"default","site-content-layout":"","ast-site-content-layout":"default","site-content-style":"default","site-sidebar-style":"default","ast-global-header-display":"","ast-banner-title-visibility":"","ast-main-header-display":"","ast-hfb-above-header-display":"","ast-hfb-below-header-display":"","ast-hfb-mobile-header-display":"","site-post-title":"","ast-breadcrumbs-content":"","ast-featured-img":"","footer-sml-layout":"","ast-disable-related-posts":"","theme-transparent-header-meta":"","adv-header-id-meta":"","stick-header-meta":"","header-above-stick-meta":"","header-main-stick-meta":"","header-below-stick-meta":"","astra-migrate-meta-layouts":"set","ast-page-background-enabled":"default","ast-page-background-meta":{"desktop":{"background-color":"var(--ast-global-color-4)","background-image":"","background-repeat":"repeat","background-position":"center center","background-size":"auto","background-attachment":"scroll","background-type":"","background-media":"","overlay-type":"","overlay-color":"","overlay-opacity":"","overlay-gradient":""},"tablet":{"background-color":"","background-image":"","background-repeat":"repeat","background-position":"center center","background-size":"auto","background-attachment":"scroll","background-type":"","background-media":"","overlay-type":"","overlay-color":"","overlay-opacity":"","overlay-gradient":""},"mobile":{"background-color":"","background-image":"","background-repeat":"repeat","background-position":"center center","background-size":"auto","background-attachment":"scroll","background-type":"","background-media":"","overlay-type":"","overlay-color":"","overlay-opacity":"","overlay-gradient":""}},"ast-content-background-meta":{"desktop":{"background-color":"var(--ast-global-color-5)","background-image":"","background-repeat":"repeat","background-position":"center center","background-size":"auto","background-attachment":"scroll","background-type":"","background-media":"","overlay-type":"","overlay-color":"","overlay-opacity":"","overlay-gradient":""},"tablet":{"background-color":"var(--ast-global-color-5)","background-image":"","background-repeat":"repeat","background-position":"center center","background-size":"auto","background-attachment":"scroll","background-type":"","background-media":"","overlay-type":"","overlay-color":"","overlay-opacity":"","overlay-gradient":""},"mobile":{"background-color":"var(--ast-global-color-5)","background-image":"","background-repeat":"repeat","background-position":"center center","background-size":"auto","background-attachment":"scroll","background-type":"","background-media":"","overlay-type":"","overlay-color":"","overlay-opacity":"","overlay-gradient":""}},"episode_type":"","audio_file":"","podmotor_file_id":"","podmotor_episode_id":"","cover_image":"","cover_image_id":"","duration":"","filesize":"","filesize_raw":"","date_recorded":"","explicit":"","block":"","itunes_episode_number":"","itunes_title":"","itunes_season_number":"","itunes_episode_type":"","footnotes":""},"class_list":["post-3498","page","type-page","status-publish","hentry"],"yoast_head":"<!-- This site is optimized with the Yoast SEO plugin v27.5 - https:\/\/yoast.com\/product\/yoast-seo-wordpress\/ -->\n<title>Content-Marketing - Der Museumsblog<\/title>\n<meta name=\"robots\" content=\"index, follow, max-snippet:-1, max-image-preview:large, max-video-preview:-1\" \/>\n<link rel=\"canonical\" href=\"https:\/\/www.museum.de\/blog\/marketing\/\" \/>\n<meta property=\"og:locale\" content=\"de_DE\" \/>\n<meta property=\"og:type\" content=\"article\" \/>\n<meta property=\"og:title\" content=\"Content-Marketing - Der Museumsblog\" \/>\n<meta property=\"og:description\" content=\"Steigern Sie die Sichtbarkeit Ihres Instituts mit gezielten Advertorials in unserem Museumsblog In der heutigen Informationsflut entscheidet Pr\u00e4senz und Sichtbarkeit \u00fcber den Erfolg Ihres Museums. Mit artifiziellen Blogbeitr\u00e4gen von museum.de erreichen Sie ein interessiertes Publikum im Bereich Kultur und Museen. Wie sieht ein aufbereiteter Artikel aus? Als Beispiel nehmen wir die Ausstellung Suzanne Valadon im [&hellip;]\" \/>\n<meta property=\"og:url\" content=\"https:\/\/www.museum.de\/blog\/marketing\/\" \/>\n<meta property=\"og:site_name\" content=\"Der Museumsblog\" \/>\n<meta property=\"article:modified_time\" content=\"2025-04-22T08:32:30+00:00\" \/>\n<meta property=\"og:image\" content=\"https:\/\/www.museum.de\/blog\/wp-content\/uploads\/2025\/04\/quaritsch-photography-3xQ65cknLPk-unsplash.png\" \/>\n\t<meta property=\"og:image:width\" content=\"1200\" \/>\n\t<meta property=\"og:image:height\" content=\"800\" \/>\n\t<meta property=\"og:image:type\" content=\"image\/png\" \/>\n<meta name=\"twitter:card\" content=\"summary_large_image\" \/>\n<script type=\"application\/ld+json\" class=\"yoast-schema-graph\">{\"@context\":\"https:\\\/\\\/schema.org\",\"@graph\":[{\"@type\":\"WebPage\",\"@id\":\"https:\\\/\\\/www.museum.de\\\/blog\\\/marketing\\\/\",\"url\":\"https:\\\/\\\/www.museum.de\\\/blog\\\/marketing\\\/\",\"name\":\"Content-Marketing - Der Museumsblog\",\"isPartOf\":{\"@id\":\"https:\\\/\\\/www.museum.de\\\/blog\\\/#website\"},\"primaryImageOfPage\":{\"@id\":\"https:\\\/\\\/www.museum.de\\\/blog\\\/marketing\\\/#primaryimage\"},\"image\":{\"@id\":\"https:\\\/\\\/www.museum.de\\\/blog\\\/marketing\\\/#primaryimage\"},\"thumbnailUrl\":\"https:\\\/\\\/www.museum.de\\\/blog\\\/wp-content\\\/uploads\\\/2025\\\/04\\\/quaritsch-photography-3xQ65cknLPk-unsplash.png\",\"datePublished\":\"2025-04-21T07:41:43+00:00\",\"dateModified\":\"2025-04-22T08:32:30+00:00\",\"breadcrumb\":{\"@id\":\"https:\\\/\\\/www.museum.de\\\/blog\\\/marketing\\\/#breadcrumb\"},\"inLanguage\":\"de\",\"potentialAction\":[{\"@type\":\"ReadAction\",\"target\":[\"https:\\\/\\\/www.museum.de\\\/blog\\\/marketing\\\/\"]}]},{\"@type\":\"ImageObject\",\"inLanguage\":\"de\",\"@id\":\"https:\\\/\\\/www.museum.de\\\/blog\\\/marketing\\\/#primaryimage\",\"url\":\"https:\\\/\\\/www.museum.de\\\/blog\\\/wp-content\\\/uploads\\\/2025\\\/04\\\/quaritsch-photography-3xQ65cknLPk-unsplash.png\",\"contentUrl\":\"https:\\\/\\\/www.museum.de\\\/blog\\\/wp-content\\\/uploads\\\/2025\\\/04\\\/quaritsch-photography-3xQ65cknLPk-unsplash.png\",\"width\":1200,\"height\":800,\"caption\":\"Wei\u00dfer iMac auf wei\u00dfem Tisch mit Tastatur davor. Zeigt einen Screenshot des Blogs Museum.de\"},{\"@type\":\"BreadcrumbList\",\"@id\":\"https:\\\/\\\/www.museum.de\\\/blog\\\/marketing\\\/#breadcrumb\",\"itemListElement\":[{\"@type\":\"ListItem\",\"position\":1,\"name\":\"Startseite\",\"item\":\"https:\\\/\\\/www.museum.de\\\/blog\\\/\"},{\"@type\":\"ListItem\",\"position\":2,\"name\":\"Content-Marketing\"}]},{\"@type\":\"WebSite\",\"@id\":\"https:\\\/\\\/www.museum.de\\\/blog\\\/#website\",\"url\":\"https:\\\/\\\/www.museum.de\\\/blog\\\/\",\"name\":\"Der Museumsblog\",\"description\":\"Der Blog\",\"publisher\":{\"@id\":\"https:\\\/\\\/www.museum.de\\\/blog\\\/#organization\"},\"alternateName\":\"museum.de - Der Museumsblog\",\"potentialAction\":[{\"@type\":\"SearchAction\",\"target\":{\"@type\":\"EntryPoint\",\"urlTemplate\":\"https:\\\/\\\/www.museum.de\\\/blog\\\/?s={search_term_string}\"},\"query-input\":{\"@type\":\"PropertyValueSpecification\",\"valueRequired\":true,\"valueName\":\"search_term_string\"}}],\"inLanguage\":\"de\"},{\"@type\":\"Organization\",\"@id\":\"https:\\\/\\\/www.museum.de\\\/blog\\\/#organization\",\"name\":\"Der Museumsblog\",\"url\":\"https:\\\/\\\/www.museum.de\\\/blog\\\/\",\"logo\":{\"@type\":\"ImageObject\",\"inLanguage\":\"de\",\"@id\":\"https:\\\/\\\/www.museum.de\\\/blog\\\/#\\\/schema\\\/logo\\\/image\\\/\",\"url\":\"https:\\\/\\\/www.museum.de\\\/blog\\\/wp-content\\\/uploads\\\/2019\\\/03\\\/cropped-Audioguide_Titelseite-1.jpg\",\"contentUrl\":\"https:\\\/\\\/www.museum.de\\\/blog\\\/wp-content\\\/uploads\\\/2019\\\/03\\\/cropped-Audioguide_Titelseite-1.jpg\",\"width\":512,\"height\":512,\"caption\":\"Der Museumsblog\"},\"image\":{\"@id\":\"https:\\\/\\\/www.museum.de\\\/blog\\\/#\\\/schema\\\/logo\\\/image\\\/\"}}]}<\/script>\n<!-- \/ Yoast SEO plugin. -->","yoast_head_json":{"title":"Content-Marketing - Der Museumsblog","robots":{"index":"index","follow":"follow","max-snippet":"max-snippet:-1","max-image-preview":"max-image-preview:large","max-video-preview":"max-video-preview:-1"},"canonical":"https:\/\/www.museum.de\/blog\/marketing\/","og_locale":"de_DE","og_type":"article","og_title":"Content-Marketing - Der Museumsblog","og_description":"Steigern Sie die Sichtbarkeit Ihres Instituts mit gezielten Advertorials in unserem Museumsblog In der heutigen Informationsflut entscheidet Pr\u00e4senz und Sichtbarkeit \u00fcber den Erfolg Ihres Museums. Mit artifiziellen Blogbeitr\u00e4gen von museum.de erreichen Sie ein interessiertes Publikum im Bereich Kultur und Museen. Wie sieht ein aufbereiteter Artikel aus? Als Beispiel nehmen wir die Ausstellung Suzanne Valadon im [&hellip;]","og_url":"https:\/\/www.museum.de\/blog\/marketing\/","og_site_name":"Der Museumsblog","article_modified_time":"2025-04-22T08:32:30+00:00","og_image":[{"width":1200,"height":800,"url":"https:\/\/www.museum.de\/blog\/wp-content\/uploads\/2025\/04\/quaritsch-photography-3xQ65cknLPk-unsplash.png","type":"image\/png"}],"twitter_card":"summary_large_image","schema":{"@context":"https:\/\/schema.org","@graph":[{"@type":"WebPage","@id":"https:\/\/www.museum.de\/blog\/marketing\/","url":"https:\/\/www.museum.de\/blog\/marketing\/","name":"Content-Marketing - Der Museumsblog","isPartOf":{"@id":"https:\/\/www.museum.de\/blog\/#website"},"primaryImageOfPage":{"@id":"https:\/\/www.museum.de\/blog\/marketing\/#primaryimage"},"image":{"@id":"https:\/\/www.museum.de\/blog\/marketing\/#primaryimage"},"thumbnailUrl":"https:\/\/www.museum.de\/blog\/wp-content\/uploads\/2025\/04\/quaritsch-photography-3xQ65cknLPk-unsplash.png","datePublished":"2025-04-21T07:41:43+00:00","dateModified":"2025-04-22T08:32:30+00:00","breadcrumb":{"@id":"https:\/\/www.museum.de\/blog\/marketing\/#breadcrumb"},"inLanguage":"de","potentialAction":[{"@type":"ReadAction","target":["https:\/\/www.museum.de\/blog\/marketing\/"]}]},{"@type":"ImageObject","inLanguage":"de","@id":"https:\/\/www.museum.de\/blog\/marketing\/#primaryimage","url":"https:\/\/www.museum.de\/blog\/wp-content\/uploads\/2025\/04\/quaritsch-photography-3xQ65cknLPk-unsplash.png","contentUrl":"https:\/\/www.museum.de\/blog\/wp-content\/uploads\/2025\/04\/quaritsch-photography-3xQ65cknLPk-unsplash.png","width":1200,"height":800,"caption":"Wei\u00dfer iMac auf wei\u00dfem Tisch mit Tastatur davor. Zeigt einen Screenshot des Blogs Museum.de"},{"@type":"BreadcrumbList","@id":"https:\/\/www.museum.de\/blog\/marketing\/#breadcrumb","itemListElement":[{"@type":"ListItem","position":1,"name":"Startseite","item":"https:\/\/www.museum.de\/blog\/"},{"@type":"ListItem","position":2,"name":"Content-Marketing"}]},{"@type":"WebSite","@id":"https:\/\/www.museum.de\/blog\/#website","url":"https:\/\/www.museum.de\/blog\/","name":"Der Museumsblog","description":"Der Blog","publisher":{"@id":"https:\/\/www.museum.de\/blog\/#organization"},"alternateName":"museum.de - Der Museumsblog","potentialAction":[{"@type":"SearchAction","target":{"@type":"EntryPoint","urlTemplate":"https:\/\/www.museum.de\/blog\/?s={search_term_string}"},"query-input":{"@type":"PropertyValueSpecification","valueRequired":true,"valueName":"search_term_string"}}],"inLanguage":"de"},{"@type":"Organization","@id":"https:\/\/www.museum.de\/blog\/#organization","name":"Der Museumsblog","url":"https:\/\/www.museum.de\/blog\/","logo":{"@type":"ImageObject","inLanguage":"de","@id":"https:\/\/www.museum.de\/blog\/#\/schema\/logo\/image\/","url":"https:\/\/www.museum.de\/blog\/wp-content\/uploads\/2019\/03\/cropped-Audioguide_Titelseite-1.jpg","contentUrl":"https:\/\/www.museum.de\/blog\/wp-content\/uploads\/2019\/03\/cropped-Audioguide_Titelseite-1.jpg","width":512,"height":512,"caption":"Der Museumsblog"},"image":{"@id":"https:\/\/www.museum.de\/blog\/#\/schema\/logo\/image\/"}}]}},"_links":{"self":[{"href":"https:\/\/www.museum.de\/blog\/wp-json\/wp\/v2\/pages\/3498","targetHints":{"allow":["GET"]}}],"collection":[{"href":"https:\/\/www.museum.de\/blog\/wp-json\/wp\/v2\/pages"}],"about":[{"href":"https:\/\/www.museum.de\/blog\/wp-json\/wp\/v2\/types\/page"}],"author":[{"embeddable":true,"href":"https:\/\/www.museum.de\/blog\/wp-json\/wp\/v2\/users\/1"}],"replies":[{"embeddable":true,"href":"https:\/\/www.museum.de\/blog\/wp-json\/wp\/v2\/comments?post=3498"}],"version-history":[{"count":16,"href":"https:\/\/www.museum.de\/blog\/wp-json\/wp\/v2\/pages\/3498\/revisions"}],"predecessor-version":[{"id":3527,"href":"https:\/\/www.museum.de\/blog\/wp-json\/wp\/v2\/pages\/3498\/revisions\/3527"}],"wp:attachment":[{"href":"https:\/\/www.museum.de\/blog\/wp-json\/wp\/v2\/media?parent=3498"}],"curies":[{"name":"wp","href":"https:\/\/api.w.org\/{rel}","templated":true}]}}