{"id":94,"date":"2018-04-27T16:40:43","date_gmt":"2018-04-27T16:40:43","guid":{"rendered":"https:\/\/www.museumswelt.de\/blog\/?page_id=94"},"modified":"2024-10-30T08:11:36","modified_gmt":"2024-10-30T08:11:36","slug":"museum","status":"publish","type":"page","link":"https:\/\/www.museum.de\/blog\/museum\/","title":{"rendered":"Museum"},"content":{"rendered":"\n<h1 class=\"wp-block-heading\">museum.de<\/h1>\n\n\n\n<h2 class=\"wp-block-heading\">Das Museumsportal \u2013 Alle Museen dieser Welt<\/h2>\n\n\n\n<p>Museen und Kultureinrichtungen aus aller Welt ver\u00f6ffentlichen \u00fcber das Museumsportal <a href=\"http:\/\/www.museum.de\">museum.de<\/a> und der zugeh\u00f6rigen <a title=\"Zur Museumsf\u00c3\u00bchrer-App\" href=\"http:\/\/www.museum.de\/de\/product\">Museumsf\u00fchrer-App<\/a> ihre Ausstellungstermine, Museums-News, Bildergalerien, Audioguides, Quizze und F\u00fchrungen. Die mehrsprachigen Museumsf\u00fchrer-WebApp funktioniert auch als Premium-<a title=\"Zu den Museum-Audioguides\" href=\"http:\/\/www.museum.de\/de\/audioguides\">Audioguide<\/a> innerhalb und au\u00dferhalb von Museen. Unser <a href=\"http:\/\/www.museum.de\/magazine\">Magazin Museum.de<\/a> und unsere Blog machen mit Berichten und Interviews noch mehr Lust auf den n\u00e4chsten Museumsbesuch.<\/p>\n","protected":false},"excerpt":{"rendered":"<p>museum.de Das Museumsportal \u2013 Alle Museen dieser Welt Museen und Kultureinrichtungen aus aller Welt ver\u00f6ffentlichen \u00fcber das Museumsportal museum.de und der zugeh\u00f6rigen Museumsf\u00fchrer-App ihre Ausstellungstermine, Museums-News, Bildergalerien, Audioguides, Quizze und F\u00fchrungen. Die mehrsprachigen Museumsf\u00fchrer-WebApp funktioniert auch als Premium-Audioguide innerhalb und au\u00dferhalb von Museen. Unser Magazin Museum.de und unsere Blog machen mit Berichten und Interviews noch [&hellip;]<\/p>\n","protected":false},"author":1,"featured_media":0,"parent":0,"menu_order":0,"comment_status":"closed","ping_status":"closed","template":"","meta":{"site-sidebar-layout":"default","site-content-layout":"","ast-site-content-layout":"default","site-content-style":"default","site-sidebar-style":"default","ast-global-header-display":"","ast-banner-title-visibility":"","ast-main-header-display":"","ast-hfb-above-header-display":"","ast-hfb-below-header-display":"","ast-hfb-mobile-header-display":"","site-post-title":"disabled","ast-breadcrumbs-content":"","ast-featured-img":"","footer-sml-layout":"","ast-disable-related-posts":"","theme-transparent-header-meta":"","adv-header-id-meta":"","stick-header-meta":"","header-above-stick-meta":"","header-main-stick-meta":"","header-below-stick-meta":"","astra-migrate-meta-layouts":"set","ast-page-background-enabled":"default","ast-page-background-meta":{"desktop":{"background-color":"var(--ast-global-color-4)","background-image":"","background-repeat":"repeat","background-position":"center center","background-size":"auto","background-attachment":"scroll","background-type":"","background-media":"","overlay-type":"","overlay-color":"","overlay-opacity":"","overlay-gradient":""},"tablet":{"background-color":"","background-image":"","background-repeat":"repeat","background-position":"center center","background-size":"auto","background-attachment":"scroll","background-type":"","background-media":"","overlay-type":"","overlay-color":"","overlay-opacity":"","overlay-gradient":""},"mobile":{"background-color":"","background-image":"","background-repeat":"repeat","background-position":"center center","background-size":"auto","background-attachment":"scroll","background-type":"","background-media":"","overlay-type":"","overlay-color":"","overlay-opacity":"","overlay-gradient":""}},"ast-content-background-meta":{"desktop":{"background-color":"var(--ast-global-color-5)","background-image":"","background-repeat":"repeat","background-position":"center center","background-size":"auto","background-attachment":"scroll","background-type":"","background-media":"","overlay-type":"","overlay-color":"","overlay-opacity":"","overlay-gradient":""},"tablet":{"background-color":"var(--ast-global-color-5)","background-image":"","background-repeat":"repeat","background-position":"center center","background-size":"auto","background-attachment":"scroll","background-type":"","background-media":"","overlay-type":"","overlay-color":"","overlay-opacity":"","overlay-gradient":""},"mobile":{"background-color":"var(--ast-global-color-5)","background-image":"","background-repeat":"repeat","background-position":"center center","background-size":"auto","background-attachment":"scroll","background-type":"","background-media":"","overlay-type":"","overlay-color":"","overlay-opacity":"","overlay-gradient":""}},"episode_type":"","audio_file":"","podmotor_file_id":"","podmotor_episode_id":"","cover_image":"","cover_image_id":"","duration":"","filesize":"","filesize_raw":"","date_recorded":"","explicit":"","block":"","itunes_episode_number":"","itunes_title":"","itunes_season_number":"","itunes_episode_type":"","footnotes":""},"class_list":["post-94","page","type-page","status-publish","hentry"],"yoast_head":"<!-- This site is optimized with the Yoast SEO plugin v27.4 - https:\/\/yoast.com\/product\/yoast-seo-wordpress\/ -->\n<title>Museum - Der Museumsblog<\/title>\n<meta name=\"robots\" content=\"index, follow, max-snippet:-1, max-image-preview:large, max-video-preview:-1\" \/>\n<link rel=\"canonical\" href=\"https:\/\/www.museum.de\/blog\/museum\/\" \/>\n<meta property=\"og:locale\" content=\"de_DE\" \/>\n<meta property=\"og:type\" content=\"article\" \/>\n<meta property=\"og:title\" content=\"Museum - Der Museumsblog\" \/>\n<meta property=\"og:description\" content=\"museum.de Das Museumsportal \u2013 Alle Museen dieser Welt Museen und Kultureinrichtungen aus aller Welt ver\u00f6ffentlichen \u00fcber das Museumsportal museum.de und der zugeh\u00f6rigen Museumsf\u00fchrer-App ihre Ausstellungstermine, Museums-News, Bildergalerien, Audioguides, Quizze und F\u00fchrungen. Die mehrsprachigen Museumsf\u00fchrer-WebApp funktioniert auch als Premium-Audioguide innerhalb und au\u00dferhalb von Museen. Unser Magazin Museum.de und unsere Blog machen mit Berichten und Interviews noch [&hellip;]\" \/>\n<meta property=\"og:url\" content=\"https:\/\/www.museum.de\/blog\/museum\/\" \/>\n<meta property=\"og:site_name\" content=\"Der Museumsblog\" \/>\n<meta property=\"article:modified_time\" content=\"2024-10-30T08:11:36+00:00\" \/>\n<meta name=\"twitter:card\" content=\"summary_large_image\" \/>\n<script type=\"application\/ld+json\" class=\"yoast-schema-graph\">{\"@context\":\"https:\\\/\\\/schema.org\",\"@graph\":[{\"@type\":\"WebPage\",\"@id\":\"https:\\\/\\\/www.museum.de\\\/blog\\\/museum\\\/\",\"url\":\"https:\\\/\\\/www.museum.de\\\/blog\\\/museum\\\/\",\"name\":\"Museum - Der Museumsblog\",\"isPartOf\":{\"@id\":\"https:\\\/\\\/www.museum.de\\\/blog\\\/#website\"},\"datePublished\":\"2018-04-27T16:40:43+00:00\",\"dateModified\":\"2024-10-30T08:11:36+00:00\",\"breadcrumb\":{\"@id\":\"https:\\\/\\\/www.museum.de\\\/blog\\\/museum\\\/#breadcrumb\"},\"inLanguage\":\"de\",\"potentialAction\":[{\"@type\":\"ReadAction\",\"target\":[\"https:\\\/\\\/www.museum.de\\\/blog\\\/museum\\\/\"]}]},{\"@type\":\"BreadcrumbList\",\"@id\":\"https:\\\/\\\/www.museum.de\\\/blog\\\/museum\\\/#breadcrumb\",\"itemListElement\":[{\"@type\":\"ListItem\",\"position\":1,\"name\":\"Startseite\",\"item\":\"https:\\\/\\\/www.museum.de\\\/blog\\\/\"},{\"@type\":\"ListItem\",\"position\":2,\"name\":\"Museum\"}]},{\"@type\":\"WebSite\",\"@id\":\"https:\\\/\\\/www.museum.de\\\/blog\\\/#website\",\"url\":\"https:\\\/\\\/www.museum.de\\\/blog\\\/\",\"name\":\"Der Museumsblog\",\"description\":\"Der Blog\",\"publisher\":{\"@id\":\"https:\\\/\\\/www.museum.de\\\/blog\\\/#organization\"},\"alternateName\":\"museum.de - Der Museumsblog\",\"potentialAction\":[{\"@type\":\"SearchAction\",\"target\":{\"@type\":\"EntryPoint\",\"urlTemplate\":\"https:\\\/\\\/www.museum.de\\\/blog\\\/?s={search_term_string}\"},\"query-input\":{\"@type\":\"PropertyValueSpecification\",\"valueRequired\":true,\"valueName\":\"search_term_string\"}}],\"inLanguage\":\"de\"},{\"@type\":\"Organization\",\"@id\":\"https:\\\/\\\/www.museum.de\\\/blog\\\/#organization\",\"name\":\"Der Museumsblog\",\"url\":\"https:\\\/\\\/www.museum.de\\\/blog\\\/\",\"logo\":{\"@type\":\"ImageObject\",\"inLanguage\":\"de\",\"@id\":\"https:\\\/\\\/www.museum.de\\\/blog\\\/#\\\/schema\\\/logo\\\/image\\\/\",\"url\":\"https:\\\/\\\/www.museum.de\\\/blog\\\/wp-content\\\/uploads\\\/2019\\\/03\\\/cropped-Audioguide_Titelseite-1.jpg\",\"contentUrl\":\"https:\\\/\\\/www.museum.de\\\/blog\\\/wp-content\\\/uploads\\\/2019\\\/03\\\/cropped-Audioguide_Titelseite-1.jpg\",\"width\":512,\"height\":512,\"caption\":\"Der Museumsblog\"},\"image\":{\"@id\":\"https:\\\/\\\/www.museum.de\\\/blog\\\/#\\\/schema\\\/logo\\\/image\\\/\"}}]}<\/script>\n<!-- \/ Yoast SEO plugin. -->","yoast_head_json":{"title":"Museum - Der Museumsblog","robots":{"index":"index","follow":"follow","max-snippet":"max-snippet:-1","max-image-preview":"max-image-preview:large","max-video-preview":"max-video-preview:-1"},"canonical":"https:\/\/www.museum.de\/blog\/museum\/","og_locale":"de_DE","og_type":"article","og_title":"Museum - Der Museumsblog","og_description":"museum.de Das Museumsportal \u2013 Alle Museen dieser Welt Museen und Kultureinrichtungen aus aller Welt ver\u00f6ffentlichen \u00fcber das Museumsportal museum.de und der zugeh\u00f6rigen Museumsf\u00fchrer-App ihre Ausstellungstermine, Museums-News, Bildergalerien, Audioguides, Quizze und F\u00fchrungen. Die mehrsprachigen Museumsf\u00fchrer-WebApp funktioniert auch als Premium-Audioguide innerhalb und au\u00dferhalb von Museen. Unser Magazin Museum.de und unsere Blog machen mit Berichten und Interviews noch [&hellip;]","og_url":"https:\/\/www.museum.de\/blog\/museum\/","og_site_name":"Der Museumsblog","article_modified_time":"2024-10-30T08:11:36+00:00","twitter_card":"summary_large_image","schema":{"@context":"https:\/\/schema.org","@graph":[{"@type":"WebPage","@id":"https:\/\/www.museum.de\/blog\/museum\/","url":"https:\/\/www.museum.de\/blog\/museum\/","name":"Museum - Der Museumsblog","isPartOf":{"@id":"https:\/\/www.museum.de\/blog\/#website"},"datePublished":"2018-04-27T16:40:43+00:00","dateModified":"2024-10-30T08:11:36+00:00","breadcrumb":{"@id":"https:\/\/www.museum.de\/blog\/museum\/#breadcrumb"},"inLanguage":"de","potentialAction":[{"@type":"ReadAction","target":["https:\/\/www.museum.de\/blog\/museum\/"]}]},{"@type":"BreadcrumbList","@id":"https:\/\/www.museum.de\/blog\/museum\/#breadcrumb","itemListElement":[{"@type":"ListItem","position":1,"name":"Startseite","item":"https:\/\/www.museum.de\/blog\/"},{"@type":"ListItem","position":2,"name":"Museum"}]},{"@type":"WebSite","@id":"https:\/\/www.museum.de\/blog\/#website","url":"https:\/\/www.museum.de\/blog\/","name":"Der Museumsblog","description":"Der Blog","publisher":{"@id":"https:\/\/www.museum.de\/blog\/#organization"},"alternateName":"museum.de - Der Museumsblog","potentialAction":[{"@type":"SearchAction","target":{"@type":"EntryPoint","urlTemplate":"https:\/\/www.museum.de\/blog\/?s={search_term_string}"},"query-input":{"@type":"PropertyValueSpecification","valueRequired":true,"valueName":"search_term_string"}}],"inLanguage":"de"},{"@type":"Organization","@id":"https:\/\/www.museum.de\/blog\/#organization","name":"Der Museumsblog","url":"https:\/\/www.museum.de\/blog\/","logo":{"@type":"ImageObject","inLanguage":"de","@id":"https:\/\/www.museum.de\/blog\/#\/schema\/logo\/image\/","url":"https:\/\/www.museum.de\/blog\/wp-content\/uploads\/2019\/03\/cropped-Audioguide_Titelseite-1.jpg","contentUrl":"https:\/\/www.museum.de\/blog\/wp-content\/uploads\/2019\/03\/cropped-Audioguide_Titelseite-1.jpg","width":512,"height":512,"caption":"Der Museumsblog"},"image":{"@id":"https:\/\/www.museum.de\/blog\/#\/schema\/logo\/image\/"}}]}},"_links":{"self":[{"href":"https:\/\/www.museum.de\/blog\/wp-json\/wp\/v2\/pages\/94","targetHints":{"allow":["GET"]}}],"collection":[{"href":"https:\/\/www.museum.de\/blog\/wp-json\/wp\/v2\/pages"}],"about":[{"href":"https:\/\/www.museum.de\/blog\/wp-json\/wp\/v2\/types\/page"}],"author":[{"embeddable":true,"href":"https:\/\/www.museum.de\/blog\/wp-json\/wp\/v2\/users\/1"}],"replies":[{"embeddable":true,"href":"https:\/\/www.museum.de\/blog\/wp-json\/wp\/v2\/comments?post=94"}],"version-history":[{"count":4,"href":"https:\/\/www.museum.de\/blog\/wp-json\/wp\/v2\/pages\/94\/revisions"}],"predecessor-version":[{"id":3091,"href":"https:\/\/www.museum.de\/blog\/wp-json\/wp\/v2\/pages\/94\/revisions\/3091"}],"wp:attachment":[{"href":"https:\/\/www.museum.de\/blog\/wp-json\/wp\/v2\/media?parent=94"}],"curies":[{"name":"wp","href":"https:\/\/api.w.org\/{rel}","templated":true}]}}